{"id":3715,"date":"2018-02-05T10:43:16","date_gmt":"2018-02-05T09:43:16","guid":{"rendered":"http:\/\/tempodisole.it\/?page_id=3715"},"modified":"2018-02-28T15:02:49","modified_gmt":"2018-02-28T14:02:49","slug":"le-marche","status":"publish","type":"page","link":"https:\/\/tempodisole.it\/index.php\/le-marche\/","title":{"rendered":"LE MARCHE"},"content":{"rendered":"<div class=\"spacecode\" style=\"height:30px;\"><\/div>\n\n\t\t<div class=\"flipcard h\">\n    <div class=\"front\">\n      \t<div class=\"frontimage\"><img decoding=\"async\" src=\"https:\/\/tempodisole.it\/wp-content\/uploads\/sbt1.jpg\"\/><\/div>\n        <h3>RIVIERA DELLE PALME<\/h3>\n        <p>La citt\u00e0 di San Benedetto del Tronto \u00e8 tra le pi\u00f9 belle citta di mare delle Marche e della costa Adriatica<\/p>\n    <\/div>\n    <div class=\"back\">\n\t  <h3>SAN BENEDETTO DEL TRONTO<\/h3>\n      <p style=\"margin-bottom:20px;\">La sua spiaggia finissima e bianca si estende per circa 6 km.e il suo mare \u00e8 caratterizzato da bassi fondali ideali per i bimbi. Per gli appassionati della corsa e delle passeggiate il lungomare \u00e8 la location ideale.<\/p>\n\t  <a style=\"color:#FFF;\" href=\".\/index.php\/san-benedetto-del-tronto\/\" class=\"sktmore\"> Leggi tutto <\/a>\n    <\/div>\n<\/div>\n\n\t\t<div class=\"flipcard h\">\n    <div class=\"front\">\n      \t<div class=\"frontimage\"><img decoding=\"async\" src=\"https:\/\/tempodisole.it\/wp-content\/uploads\/grottammare1.jpg\"\/><\/div>\n        <h3>GROTTAMMARE<\/h3>\n        <p>Grottammare appare per la prima volta nei primi anni del secolo X con il nome Grocte<\/p>\n    <\/div>\n    <div class=\"back\">\n\t  <h3>GROTTAMMARE<\/h3>\n      <p style=\"margin-bottom:20px;\">Grottammare fu abbellita con lo splendido viale di palme e di oleandri che offre al turista, nella bella stagione, quel contrasto di colori che dall\u2019azzurro intenso delle acque all\u2019orizzonte sfuma in tonalit\u00e0 pi\u00f9 chiare sulla battigia.<\/p>\n\t  <a style=\"color:#FFF;\" href=\".\/index.php\/grottammare\/\" class=\"sktmore\"> Leggi tutto <\/a>\n    <\/div>\n<\/div>\n\n\t\t<div class=\"flipcard v\">\n    <div class=\"front\">\n      \t<div class=\"frontimage\"><img decoding=\"async\" src=\"https:\/\/tempodisole.it\/wp-content\/uploads\/ascoli4.jpg\"\/><\/div>\n        <h3>ASCOLI PICENO<\/h3>\n        <p>Il centro storico di Ascoli deve il suo aspetto cos\u00ec armonico e compatto al travertino  ...<\/p>\n    <\/div>\n    <div class=\"back\">\n\t  <h3>ASCOLI PICENO<\/h3>\n      <p style=\"margin-bottom:20px;\">Il centro storico di Ascoli deve il suo aspetto cos\u00ec armonico e compatto al travertino che, fin dalle origini, \u00e8 stato il materiale principale nella costruzione degli edifici: dalle semplici<\/p>\n\t  <a style=\"color:#FFF;\" href=\".\/index.php\/ascoli-piceno\/\" class=\"sktmore\"> Leggi tutto <\/a>\n    <\/div>\n<\/div>\n\n\t\t<div class=\"flipcard v\">\n    <div class=\"front\">\n      \t<div class=\"frontimage\"><img decoding=\"async\" src=\"https:\/\/tempodisole.it\/wp-content\/uploads\/offida3.jpg\"\/><\/div>\n        <h3>OFFIDA<\/h3>\n        <p>Unico centro di bellezze naturali, edifici e monumenti di straordinario valore storico.<\/p>\n    <\/div>\n    <div class=\"back\">\n\t  <h3>OFFIDA<\/h3>\n      <p style=\"margin-bottom:20px;\">Unico centro di bellezze naturali, edifici e monumenti di straordinario valore storico, un\u2019enogastronomia<br \/>\nricca di prodotti tipici e vini di alta qualit\u00e0, preziosissimi merletti a tombolo<\/p>\n\t  <a style=\"color:#FFF;\" href=\".\/index.php\/offida\/\" class=\"sktmore\"> Leggi tutto <\/a>\n    <\/div>\n<\/div>\n\n\t\t<div class=\"flipcard v\">\n    <div class=\"front\">\n      \t<div class=\"frontimage\"><img decoding=\"async\" src=\"https:\/\/tempodisole.it\/wp-content\/uploads\/sentina3.jpg\"\/><\/div>\n        <h3>RISERVA NATURALE<\/h3>\n        <p>Nata il 14 dicembre 2004, la Riserva Naturale Regionale Sentina \u00e8 la pi\u00f9 piccola ...<\/p>\n    <\/div>\n    <div class=\"back\">\n\t  <h3>RISERVA NATURALE SENTINA<\/h3>\n      <p style=\"margin-bottom:20px;\">Nata il 14 dicembre 2004, la Riserva Naturale Regionale Sentina \u00e8 la pi\u00f9 piccola area protetta marchigiana, ma con una grande valenza ambientale (Deliberazione di Consiglio n. 156).<\/p>\n\t  <a style=\"color:#FFF;\" href=\".\/index.php\/riserva-naturale-regionale-sentina\/\" class=\"sktmore\"> Leggi tutto <\/a>\n    <\/div>\n<\/div>\n","protected":false},"excerpt":{"rendered":"","protected":false},"author":1,"featured_media":3806,"parent":0,"menu_order":0,"comment_status":"closed","ping_status":"closed","template":"templates\/page-fullwidth_template.php","meta":{"footnotes":""},"class_list":["post-3715","page","type-page","status-publish","has-post-thumbnail","hentry"],"_links":{"self":[{"href":"https:\/\/tempodisole.it\/index.php\/wp-json\/wp\/v2\/pages\/3715","targetHints":{"allow":["GET"]}}],"collection":[{"href":"https:\/\/tempodisole.it\/index.php\/wp-json\/wp\/v2\/pages"}],"about":[{"href":"https:\/\/tempodisole.it\/index.php\/wp-json\/wp\/v2\/types\/page"}],"author":[{"embeddable":true,"href":"https:\/\/tempodisole.it\/index.php\/wp-json\/wp\/v2\/users\/1"}],"replies":[{"embeddable":true,"href":"https:\/\/tempodisole.it\/index.php\/wp-json\/wp\/v2\/comments?post=3715"}],"version-history":[{"count":43,"href":"https:\/\/tempodisole.it\/index.php\/wp-json\/wp\/v2\/pages\/3715\/revisions"}],"predecessor-version":[{"id":4318,"href":"https:\/\/tempodisole.it\/index.php\/wp-json\/wp\/v2\/pages\/3715\/revisions\/4318"}],"wp:featuredmedia":[{"embeddable":true,"href":"https:\/\/tempodisole.it\/index.php\/wp-json\/wp\/v2\/media\/3806"}],"wp:attachment":[{"href":"https:\/\/tempodisole.it\/index.php\/wp-json\/wp\/v2\/media?parent=3715"}],"curies":[{"name":"wp","href":"https:\/\/api.w.org\/{rel}","templated":true}]}}