{"id":3718,"date":"2018-02-05T10:45:53","date_gmt":"2018-02-05T09:45:53","guid":{"rendered":"http:\/\/tempodisole.it\/?page_id=3718"},"modified":"2021-03-04T17:59:06","modified_gmt":"2021-03-04T16:59:06","slug":"tempo-di-sole","status":"publish","type":"page","link":"https:\/\/tempodisole.it\/index.php\/tempo-di-sole\/","title":{"rendered":"TEMPO DI SOLE"},"content":{"rendered":"<p>La casa vacanze Tempo di Sole nasce da un\u2019idea di Patrizia e dal suo amore verso la sua citt\u00e0 e il suo mare.<\/p>\n<p>La struttura ultimata nel 2015, \u00e8 situata in una zona tranquilla in Via SantAgnese n.7, a circa 800 mt. dal mare di San Benedetto del Tronto, consta di 5 appartamenti di varie metrature, confortevoli ed eleganti , dotati di ogni servizio , per trascorrere le vostre vacanze estive o anche per brevi soggiorni di lavoro.<br \/>\nOgni appartamento \u00e8 contraddistinto da un colore, dal pi\u00f9 piccolo arancione che pu\u00f2 ospitare 2\/3 persone al verde pi\u00f9 grande che ne pu\u00f2 ospitare 6, tutti hanno un proprio balcone e\/o corte abitabile corredati da mobili da esterno per poter pranzare o cenare all&#8217;aperto.<\/p>\n<p>Ad ogni singolo appartamento \u00e8 abbinato il servizio spiaggia presso lo stabilimento balneare Lo Zodiaco, comprendente un ombrellone e due lettini mare.<\/p>\n<p>La struttura ha un piazzale esterno recintato con parcheggio privato.<br \/>\nGli ospiti possono usufruire di bici messe a disposizione gratuitamente.<\/p>\n\t\t<link href=\"https:\/\/tempodisole.it\/wp-content\/plugins\/slideshow-ck\/themes\/default\/css\/camera.css\" rel=\"stylesheet\" type=\"text\/css\" \/>\n\t\t<style type=\"text\/css\">\n\t\t\t#camera_wrap_4238 .camera_pag_ul li img, #camera_wrap_4238 .camera_thumbs_cont ul li img {\n\t\t\t\theight:100px;\n\t\t\t\twidth: auto;\n\t\t\t}\n\t\t\t#camera_wrap_4238 .camera_caption {\n\t\t\t\tdisplay: block;\n\t\t\t\tposition: absolute;\n\t\t\t}\n\t\t\t#camera_wrap_4238 .camera_caption a.camera_caption_link {\n\t\t\t\tdisplay: block;\n\t\t\t\tposition: absolute;\n\t\t\t\tleft: 0;\n\t\t\t\tright: 0;\n\t\t\t\ttop: 0;\n\t\t\t\tbottom: 0;\n\t\t\t}\n\t\t\t#camera_wrap_4238 .camera_caption > div {\n\t\t\t\tbackground: #000000;\t\t\t}\n\t\t\t#camera_wrap_4238 .camera_caption div.camera_caption_title {\n\t\t\t\tfont-size: 18px;line-height: 18px;font-weight: normal;\t\t\t}\n\t\t\t#camera_wrap_4238 .camera_caption div.camera_caption_desc {\n\t\t\t\tfont-size: 12px;line-height: 12px;font-weight: normal;\t\t\t}\n\t\t<\/style>\n\t\t\t\t<div class=\"slideshowck camera_wrap camera_amber_skin\" id=\"camera_wrap_4238\">\n\t\t\t\t\t\t\t<div  data-thumb=\"https:\/\/tempodisole.it\/wp-content\/uploads\/tempodisole1.jpg\" data-src=\"https:\/\/tempodisole.it\/wp-content\/uploads\/tempodisole1.jpg\" data-link=\"https:\/\/tempodisole.it\/wp-content\/uploads\/tempodisole1.jpg\" data-target=\"_parent\">\n\t\t\t\t\t\t\t\t\t\t\t\t<div class=\"camera_caption moveFromLeft\">\n\t\t\t\t\t\t\t\t\t\t\t\t\t\t<div class=\"camera_caption_title\">\n\t\t\t\t\t\t\t\tTempo Di Sole\t\t\t\t\t\t\t<\/div>\n\t\t\t\t\t\t\t\t\t\t\t\t\t\t\t\t\t\t\t\t\t<div class=\"camera_caption_desc\">\n\t\t\t\t\t\t\t\tVista esterno\t\t\t\t\t\t\t<\/div>\n\t\t\t\t\t\t\t\t\t\t\t\t\t\t\t\t\t\t\t\t\t\t\t\t\t\t\t<\/div>\n\t\t\t\t\t\t\t\t\t\t<\/div>\n\t\t\t\t\t\t\t<div  data-thumb=\"https:\/\/tempodisole.it\/wp-content\/uploads\/tempodisole2.jpg\" data-src=\"https:\/\/tempodisole.it\/wp-content\/uploads\/tempodisole2.jpg\" data-link=\"https:\/\/tempodisole.it\/wp-content\/uploads\/tempodisole2.jpg\" data-target=\"_parent\">\n\t\t\t\t\t\t\t\t\t\t\t\t<div class=\"camera_caption moveFromLeft\">\n\t\t\t\t\t\t\t\t\t\t\t\t\t\t<div class=\"camera_caption_title\">\n\t\t\t\t\t\t\t\tTempo Di Sole\t\t\t\t\t\t\t<\/div>\n\t\t\t\t\t\t\t\t\t\t\t\t\t\t\t\t\t\t\t\t\t<div class=\"camera_caption_desc\">\n\t\t\t\t\t\t\t\tVista esterno\t\t\t\t\t\t\t<\/div>\n\t\t\t\t\t\t\t\t\t\t\t\t\t\t\t\t\t\t\t\t\t\t\t\t\t\t\t<\/div>\n\t\t\t\t\t\t\t\t\t\t<\/div>\n\t\t\t\t\t\t\t<div  data-thumb=\"https:\/\/tempodisole.it\/wp-content\/uploads\/tempodisole3.jpg\" data-src=\"https:\/\/tempodisole.it\/wp-content\/uploads\/tempodisole3.jpg\" data-link=\"https:\/\/tempodisole.it\/wp-content\/uploads\/tempodisole3.jpg\" data-target=\"_parent\">\n\t\t\t\t\t\t\t\t\t\t\t\t<div class=\"camera_caption moveFromLeft\">\n\t\t\t\t\t\t\t\t\t\t\t\t\t\t<div class=\"camera_caption_title\">\n\t\t\t\t\t\t\t\tTempo Di Sole\t\t\t\t\t\t\t<\/div>\n\t\t\t\t\t\t\t\t\t\t\t\t\t\t\t\t\t\t\t\t\t<div class=\"camera_caption_desc\">\n\t\t\t\t\t\t\t\tVista esterno\t\t\t\t\t\t\t<\/div>\n\t\t\t\t\t\t\t\t\t\t\t\t\t\t\t\t\t\t\t\t\t\t\t\t\t\t\t<\/div>\n\t\t\t\t\t\t\t\t\t\t<\/div>\n\t\t\t\t\t\t\t<div  data-thumb=\"https:\/\/tempodisole.it\/wp-content\/uploads\/tempodisole4.jpg\" data-src=\"https:\/\/tempodisole.it\/wp-content\/uploads\/tempodisole4.jpg\" data-link=\"https:\/\/tempodisole.it\/wp-content\/uploads\/tempodisole4.jpg\" data-target=\"_parent\">\n\t\t\t\t\t\t\t\t\t\t\t\t<div class=\"camera_caption moveFromLeft\">\n\t\t\t\t\t\t\t\t\t\t\t\t\t\t<div class=\"camera_caption_title\">\n\t\t\t\t\t\t\t\tTempo di Sole\t\t\t\t\t\t\t<\/div>\n\t\t\t\t\t\t\t\t\t\t\t\t\t\t\t\t\t\t\t\t\t<div class=\"camera_caption_desc\">\n\t\t\t\t\t\t\t\tServizio bici gratuito \t\t\t\t\t\t\t<\/div>\n\t\t\t\t\t\t\t\t\t\t\t\t\t\t\t\t\t\t\t\t\t\t\t\t\t\t\t<\/div>\n\t\t\t\t\t\t\t\t\t\t<\/div>\n\t\t\t\t\t<\/div>\n\t\t<div style=\"clear:both;\"><\/div>\n\t\t\n","protected":false},"excerpt":{"rendered":"<p>La casa vacanze Tempo di Sole nasce da un\u2019idea di Patrizia e dal suo amore verso la sua citt\u00e0 e il suo mare. La struttura ultimata nel 2015, \u00e8 situata in una zona tranquilla in Via SantAgnese n.7, a circa 800 mt. dal mare di San Benedetto del Tronto, consta di 5 appartamenti di varie<br \/><a class=\"moretag\" href=\"https:\/\/tempodisole.it\/index.php\/tempo-di-sole\/\">+ Read More<\/a><\/p>\n","protected":false},"author":1,"featured_media":3689,"parent":0,"menu_order":0,"comment_status":"closed","ping_status":"closed","template":"","meta":{"footnotes":""},"class_list":["post-3718","page","type-page","status-publish","has-post-thumbnail","hentry"],"_links":{"self":[{"href":"https:\/\/tempodisole.it\/index.php\/wp-json\/wp\/v2\/pages\/3718","targetHints":{"allow":["GET"]}}],"collection":[{"href":"https:\/\/tempodisole.it\/index.php\/wp-json\/wp\/v2\/pages"}],"about":[{"href":"https:\/\/tempodisole.it\/index.php\/wp-json\/wp\/v2\/types\/page"}],"author":[{"embeddable":true,"href":"https:\/\/tempodisole.it\/index.php\/wp-json\/wp\/v2\/users\/1"}],"replies":[{"embeddable":true,"href":"https:\/\/tempodisole.it\/index.php\/wp-json\/wp\/v2\/comments?post=3718"}],"version-history":[{"count":3,"href":"https:\/\/tempodisole.it\/index.php\/wp-json\/wp\/v2\/pages\/3718\/revisions"}],"predecessor-version":[{"id":4410,"href":"https:\/\/tempodisole.it\/index.php\/wp-json\/wp\/v2\/pages\/3718\/revisions\/4410"}],"wp:featuredmedia":[{"embeddable":true,"href":"https:\/\/tempodisole.it\/index.php\/wp-json\/wp\/v2\/media\/3689"}],"wp:attachment":[{"href":"https:\/\/tempodisole.it\/index.php\/wp-json\/wp\/v2\/media?parent=3718"}],"curies":[{"name":"wp","href":"https:\/\/api.w.org\/{rel}","templated":true}]}}