{"id":3840,"date":"2018-02-05T18:58:10","date_gmt":"2018-02-05T17:58:10","guid":{"rendered":"http:\/\/tempodisole.it\/?page_id=3840"},"modified":"2018-02-23T10:00:35","modified_gmt":"2018-02-23T09:00:35","slug":"san-benedetto-del-tronto","status":"publish","type":"page","link":"https:\/\/tempodisole.it\/index.php\/san-benedetto-del-tronto\/","title":{"rendered":"San Benedetto del Tronto"},"content":{"rendered":"<p>La citt\u00e0 di San Benedetto del Tronto \u00e8 tra le pi\u00f9 belle citta di mare delle Marche e della costa Adriatica.<br \/>\nE\u2019 caratterizzata da una ricca vegetazione e da innumerevoli palme che rendono il lungomare di una bellezza unica, per questa sua peculiarit\u00e0 \u00e8 anche denominata Riviera delle Palme.<br \/>\nLa sua spiaggia finissima e bianca si estende per circa 6 km.e il suo mare \u00e8 caratterizzato da bassi fondali ideali per i bimbi.<br \/>\nPer gli appassionati della corsa e delle passeggiate a piedi o in bici il lungomare \u00e8 la location ideale.<\/p>\n<p>San Benedetto del Tronto oltre ad essere una delle maggiori stazioni balneari del medio adriatico \u00e8 anche un importante porto peschereccio ed \u00e8 circondata da verdeggianti colline con importanti borghi di origine medievale distanti pochi chilometri assolutamente da visitare che contribuiranno ad impreziosire la vostra vacanza.<\/p>\n<p>Gli amanti della buona cucina avranno grande scelta di ristoranti di pesce dove apprezzare le innumerevoli specialit\u00e0 sambenedettesi ed in particolare il famoso brodetto alla sambenedettesi (lu vrud\u00e8tte).<\/p>\n<p>San Benedetto \u00e8 insignita della bandiera blu ormai ininterrottamente dal 1999.<\/p>\n\t\t<link href=\"https:\/\/tempodisole.it\/wp-content\/plugins\/slideshow-ck\/themes\/default\/css\/camera.css\" rel=\"stylesheet\" type=\"text\/css\" \/>\n\t\t<style type=\"text\/css\">\n\t\t\t#camera_wrap_4184 .camera_pag_ul li img, #camera_wrap_4184 .camera_thumbs_cont ul li img {\n\t\t\t\theight:100px;\n\t\t\t\twidth: auto;\n\t\t\t}\n\t\t\t#camera_wrap_4184 .camera_caption {\n\t\t\t\tdisplay: block;\n\t\t\t\tposition: absolute;\n\t\t\t}\n\t\t\t#camera_wrap_4184 .camera_caption a.camera_caption_link {\n\t\t\t\tdisplay: block;\n\t\t\t\tposition: absolute;\n\t\t\t\tleft: 0;\n\t\t\t\tright: 0;\n\t\t\t\ttop: 0;\n\t\t\t\tbottom: 0;\n\t\t\t}\n\t\t\t#camera_wrap_4184 .camera_caption > div {\n\t\t\t\tbackground: #000000;\t\t\t}\n\t\t\t#camera_wrap_4184 .camera_caption div.camera_caption_title {\n\t\t\t\tfont-size: 18px;line-height: 18px;font-weight: normal;\t\t\t}\n\t\t\t#camera_wrap_4184 .camera_caption div.camera_caption_desc {\n\t\t\t\tfont-size: 12px;line-height: 12px;font-weight: normal;\t\t\t}\n\t\t<\/style>\n\t\t\t\t<div class=\"slideshowck camera_wrap camera_amber_skin\" id=\"camera_wrap_4184\">\n\t\t\t\t\t\t\t<div  data-thumb=\"https:\/\/tempodisole.it\/wp-content\/uploads\/sbt1.jpg\" data-src=\"https:\/\/tempodisole.it\/wp-content\/uploads\/sbt1.jpg\" data-link=\"https:\/\/tempodisole.it\/wp-content\/uploads\/sbt1.jpg\" data-target=\"_parent\">\n\t\t\t\t\t\t\t\t\t\t\t\t<div class=\"camera_caption moveFromLeft\">\n\t\t\t\t\t\t\t\t\t\t\t\t\t\t<div class=\"camera_caption_title\">\n\t\t\t\t\t\t\t\tLungomare - Spiaggia\t\t\t\t\t\t\t<\/div>\n\t\t\t\t\t\t\t\t\t\t\t\t\t\t\t\t\t\t\t\t\t<div class=\"camera_caption_desc\">\n\t\t\t\t\t\t\t\tSan Benedetto del Tronto\t\t\t\t\t\t\t<\/div>\n\t\t\t\t\t\t\t\t\t\t\t\t\t\t\t\t\t\t\t\t\t\t\t\t\t\t\t<\/div>\n\t\t\t\t\t\t\t\t\t\t<\/div>\n\t\t\t\t\t\t\t<div  data-thumb=\"https:\/\/tempodisole.it\/wp-content\/uploads\/sbt2.jpg\" data-src=\"https:\/\/tempodisole.it\/wp-content\/uploads\/sbt2.jpg\" data-link=\"https:\/\/tempodisole.it\/wp-content\/uploads\/sbt2.jpg\" data-target=\"_parent\">\n\t\t\t\t\t\t\t\t\t\t\t\t<div class=\"camera_caption moveFromLeft\">\n\t\t\t\t\t\t\t\t\t\t\t\t\t\t<div class=\"camera_caption_title\">\n\t\t\t\t\t\t\t\tPaese Alto\t\t\t\t\t\t\t<\/div>\n\t\t\t\t\t\t\t\t\t\t\t\t\t\t\t\t\t\t\t\t\t<div class=\"camera_caption_desc\">\n\t\t\t\t\t\t\t\tSan Benedetto del Tronto\t\t\t\t\t\t\t<\/div>\n\t\t\t\t\t\t\t\t\t\t\t\t\t\t\t\t\t\t\t\t\t\t\t\t\t\t\t<\/div>\n\t\t\t\t\t\t\t\t\t\t<\/div>\n\t\t\t\t\t\t\t<div  data-thumb=\"https:\/\/tempodisole.it\/wp-content\/uploads\/sbt3.jpg\" data-src=\"https:\/\/tempodisole.it\/wp-content\/uploads\/sbt3.jpg\" data-link=\"https:\/\/tempodisole.it\/wp-content\/uploads\/sbt3.jpg\" data-target=\"_parent\">\n\t\t\t\t\t\t\t\t\t\t\t\t<div class=\"camera_caption moveFromLeft\">\n\t\t\t\t\t\t\t\t\t\t\t\t\t\t<div class=\"camera_caption_title\">\n\t\t\t\t\t\t\t\tPista Ciclabile - Lungomare\t\t\t\t\t\t\t<\/div>\n\t\t\t\t\t\t\t\t\t\t\t\t\t\t\t\t\t\t\t\t\t<div class=\"camera_caption_desc\">\n\t\t\t\t\t\t\t\tSan Benedetto del Tronto\t\t\t\t\t\t\t<\/div>\n\t\t\t\t\t\t\t\t\t\t\t\t\t\t\t\t\t\t\t\t\t\t\t\t\t\t\t<\/div>\n\t\t\t\t\t\t\t\t\t\t<\/div>\n\t\t\t\t\t\t\t<div  data-thumb=\"https:\/\/tempodisole.it\/wp-content\/uploads\/sbt4.jpg\" data-src=\"https:\/\/tempodisole.it\/wp-content\/uploads\/sbt4.jpg\" data-link=\"https:\/\/tempodisole.it\/wp-content\/uploads\/sbt4.jpg\" data-target=\"_parent\">\n\t\t\t\t\t\t\t\t\t\t\t\t<div class=\"camera_caption moveFromLeft\">\n\t\t\t\t\t\t\t\t\t\t\t\t\t\t<div class=\"camera_caption_title\">\n\t\t\t\t\t\t\t\tPorto - Molo Sud\t\t\t\t\t\t\t<\/div>\n\t\t\t\t\t\t\t\t\t\t\t\t\t\t\t\t\t\t\t\t\t<div class=\"camera_caption_desc\">\n\t\t\t\t\t\t\t\tSan Benedetto del Tronto\t\t\t\t\t\t\t<\/div>\n\t\t\t\t\t\t\t\t\t\t\t\t\t\t\t\t\t\t\t\t\t\t\t\t\t\t\t<\/div>\n\t\t\t\t\t\t\t\t\t\t<\/div>\n\t\t\t\t\t\t\t<div  data-thumb=\"https:\/\/tempodisole.it\/wp-content\/uploads\/sbt5.jpg\" data-src=\"https:\/\/tempodisole.it\/wp-content\/uploads\/sbt5.jpg\" data-link=\"https:\/\/tempodisole.it\/wp-content\/uploads\/sbt5.jpg\" data-target=\"_parent\">\n\t\t\t\t\t\t\t\t\t\t\t\t<div class=\"camera_caption moveFromLeft\">\n\t\t\t\t\t\t\t\t\t\t\t\t\t\t<div class=\"camera_caption_title\">\n\t\t\t\t\t\t\t\tCentro - Isola Pedonale\t\t\t\t\t\t\t<\/div>\n\t\t\t\t\t\t\t\t\t\t\t\t\t\t\t\t\t\t\t\t\t<div class=\"camera_caption_desc\">\n\t\t\t\t\t\t\t\tSan Benedetto del Tronto\t\t\t\t\t\t\t<\/div>\n\t\t\t\t\t\t\t\t\t\t\t\t\t\t\t\t\t\t\t\t\t\t\t\t\t\t\t<\/div>\n\t\t\t\t\t\t\t\t\t\t<\/div>\n\t\t\t\t\t<\/div>\n\t\t<div style=\"clear:both;\"><\/div>\n\t\t\n<p>Fonte foto: Sito Comunale turismo.comunesbt.it<\/p>\n","protected":false},"excerpt":{"rendered":"<p>La citt\u00e0 di San Benedetto del Tronto \u00e8 tra le pi\u00f9 belle citta di mare delle Marche e della costa Adriatica. E\u2019 caratterizzata da una ricca vegetazione e da innumerevoli palme che rendono il lungomare di una bellezza unica, per questa sua peculiarit\u00e0 \u00e8 anche denominata Riviera delle Palme. La sua spiaggia finissima e bianca<br \/><a class=\"moretag\" href=\"https:\/\/tempodisole.it\/index.php\/san-benedetto-del-tronto\/\">+ Read More<\/a><\/p>\n","protected":false},"author":1,"featured_media":3807,"parent":0,"menu_order":0,"comment_status":"closed","ping_status":"closed","template":"","meta":{"footnotes":""},"class_list":["post-3840","page","type-page","status-publish","has-post-thumbnail","hentry"],"_links":{"self":[{"href":"https:\/\/tempodisole.it\/index.php\/wp-json\/wp\/v2\/pages\/3840","targetHints":{"allow":["GET"]}}],"collection":[{"href":"https:\/\/tempodisole.it\/index.php\/wp-json\/wp\/v2\/pages"}],"about":[{"href":"https:\/\/tempodisole.it\/index.php\/wp-json\/wp\/v2\/types\/page"}],"author":[{"embeddable":true,"href":"https:\/\/tempodisole.it\/index.php\/wp-json\/wp\/v2\/users\/1"}],"replies":[{"embeddable":true,"href":"https:\/\/tempodisole.it\/index.php\/wp-json\/wp\/v2\/comments?post=3840"}],"version-history":[{"count":5,"href":"https:\/\/tempodisole.it\/index.php\/wp-json\/wp\/v2\/pages\/3840\/revisions"}],"predecessor-version":[{"id":4201,"href":"https:\/\/tempodisole.it\/index.php\/wp-json\/wp\/v2\/pages\/3840\/revisions\/4201"}],"wp:featuredmedia":[{"embeddable":true,"href":"https:\/\/tempodisole.it\/index.php\/wp-json\/wp\/v2\/media\/3807"}],"wp:attachment":[{"href":"https:\/\/tempodisole.it\/index.php\/wp-json\/wp\/v2\/media?parent=3840"}],"curies":[{"name":"wp","href":"https:\/\/api.w.org\/{rel}","templated":true}]}}