{"id":3849,"date":"2018-02-05T19:06:12","date_gmt":"2018-02-05T18:06:12","guid":{"rendered":"http:\/\/tempodisole.it\/?page_id=3849"},"modified":"2026-03-03T16:26:10","modified_gmt":"2026-03-03T15:26:10","slug":"tempo-di-sole-regolamento-interno","status":"publish","type":"page","link":"https:\/\/tempodisole.it\/index.php\/tempo-di-sole-regolamento-interno\/","title":{"rendered":"REGOLAMENTO"},"content":{"rendered":"<p>Successivamente alla prenotazione dovr\u00e0 essere versata una caparra corrispondente al 20% del preventivo. Al ricevimento del pagamento vi verr\u00e0 inviata una copia di accettazione della prenotazione via e-mail . Il saldo avverr\u00e0 all\u2019inizio del soggiorno.<\/p>\n<p>All\u2019arrivo gli ospiti devono consegnare i documenti (Passaporto, Carta d\u2019identit\u00e0 o Patente di guida) per le registrazioni e gli adempimenti di legge.<\/p>\n<p>La Casa vacanze Tempo di Sole \u00e8 abilitata ad accettare Carte di credito e Bancomat.<\/p>\n<p>In caso di annullamento della prenotazione effettuata 30 giorni prima della data di arrivo prevista per il soggiorno, la caparra\/acconto verr\u00e0 rimborsata completamente, detratte le spese di rimborso. In caso di disdetta comunicata con almeno 15 giorni di anticipo sulla data di arrivo prevista, la caparra potr\u00e0 essere recuperata dal cliente entro l\u2019anno solare per un altro soggiorno da concordare.<\/p>\n<p>Per il soggiorno, l\u2019orario di arrivo \u00e8 previsto dopo le ore 15.00; diversi orari, se richiesti saranno concordati al momento della prenotazione. Le partenze sono previste tassativamente entro le ore 10.00. Il soggiorno si intende da sabato a sabato . Altre soluzioni dovranno essere concordate in elazione alla disponibilit\u00e0 e alla stagione.<\/p>\n<p>Al momento del ceck-in vi verr\u00e0 consegnata una lista delle attrezzature ed utensili presenti nell\u2019appartamento che dovr\u00e0 essere firmata, e dovr\u00e0 essere versato un deposito cauzionale di 100,00\u20ac. La cauzione verr\u00e0 restituita alla partenza dopo opportuno controllo. Se presente un danno , verr\u00e0 quantificato ed eventualmente richiesta una differenza oltre alla cauzione trattenuta.<\/p>\n<p>Le chiavi di casa e dei cancelli verranno consegnati all\u2019ospite al momento dell\u2019arrivo, dopo il pagamento. Si prega di custodire le chiavi con attenzione in quanto la perdita costituir\u00e0 una spesa di 50,00 \u20ac interamente a carico del cliente.<\/p>\n<p>Gli appartamenti vengono consegnati puliti e in ordine. Preghiamo i clienti di lasciare in ordine l\u2019angolo cottura e le stoviglie e di rimuovere i rifiuti al fine di non ostacolare il lavoro dell\u2019impresa di pulizia.<\/p>\n<p>Si accettano animali di piccola taglia, provvisti di libretto sanitario in regola, esigendo il rispetto delle norme igieniche sia nei luoghi comuni che all\u2019interno degli appartamenti.<\/p>\n<p>Negli appartamenti della casa vacanze Tempo Di Sole \u00e8 obbligatoria la raccolta differenziata.<\/p>\n<p>In ogni appartamento \u00e8 prevista una cassaforte per cui sollecitiamo i clienti a custodire i propri oggetti personali; si declina pertanto ogni responsabilit\u00e0 per eventuali perdite e\/o furti.<\/p>\n<p>Il regolamento della casa vacanze Tempo Di Sole e le norme di Polizia Municipale richiedono il silenzio nella fascia oraria tra le ore 22.00 e le ore 8.00. Ad ogni modo, a qualsiasi ora, all\u2019interno della struttura, devono essere evitati comportamenti, giochi, rumori ed uso di apparecchiature che possono arrecare disturbo ad altre.<\/p>\n<p>Non \u00e8 consentito l\u2019arrivo di un numero di persone superiore a quello prenotato. Nel caso si richiedesse l\u2019aggiunta di un ospite in pi\u00f9 (da concordare con anticipo) dopo la prenotazione effettuata ed il relativo preventivo presentato, verr\u00e0 calcolato un costo extra per il pernottamento , tassa di soggiorno e servizio biancheria.<\/p>\n<p>Il servizio spiaggia abbinato ad ogni singolo appartamento, comprendente un ombrellone e due lettini mare presso lo stabilimento balneare Zodiaco non \u00e8 modificabile in merito alla posizione e alle attrezzature che lo compongono .<\/p>\n<p>Per ogni appartamento sono previste due bici in dotazione , preghiamo i clienti di custodirle ed utilizzarle con la diligenza del \u201cbuon padre di famiglia\u201d. La responsabilit\u00e0 di eventuali danni e smarrimenti saranno a carico del cliente .<\/p>\n<p>All\u2019interno degli appartamenti della casa vacanze Tempo Di Sole \u00e8 vietato fumare<\/p>\n","protected":false},"excerpt":{"rendered":"<p>Successivamente alla prenotazione dovr\u00e0 essere versata una caparra corrispondente al 20% del preventivo. Al ricevimento del pagamento vi verr\u00e0 inviata una copia di accettazione della prenotazione via e-mail . Il saldo avverr\u00e0 all\u2019inizio del soggiorno. All\u2019arrivo gli ospiti devono consegnare i documenti (Passaporto, Carta d\u2019identit\u00e0 o Patente di guida) per le registrazioni e gli adempimenti<br \/><a class=\"moretag\" href=\"https:\/\/tempodisole.it\/index.php\/tempo-di-sole-regolamento-interno\/\">+ Read More<\/a><\/p>\n","protected":false},"author":1,"featured_media":4334,"parent":0,"menu_order":0,"comment_status":"closed","ping_status":"closed","template":"","meta":{"footnotes":""},"class_list":["post-3849","page","type-page","status-publish","has-post-thumbnail","hentry"],"_links":{"self":[{"href":"https:\/\/tempodisole.it\/index.php\/wp-json\/wp\/v2\/pages\/3849","targetHints":{"allow":["GET"]}}],"collection":[{"href":"https:\/\/tempodisole.it\/index.php\/wp-json\/wp\/v2\/pages"}],"about":[{"href":"https:\/\/tempodisole.it\/index.php\/wp-json\/wp\/v2\/types\/page"}],"author":[{"embeddable":true,"href":"https:\/\/tempodisole.it\/index.php\/wp-json\/wp\/v2\/users\/1"}],"replies":[{"embeddable":true,"href":"https:\/\/tempodisole.it\/index.php\/wp-json\/wp\/v2\/comments?post=3849"}],"version-history":[{"count":2,"href":"https:\/\/tempodisole.it\/index.php\/wp-json\/wp\/v2\/pages\/3849\/revisions"}],"predecessor-version":[{"id":4678,"href":"https:\/\/tempodisole.it\/index.php\/wp-json\/wp\/v2\/pages\/3849\/revisions\/4678"}],"wp:featuredmedia":[{"embeddable":true,"href":"https:\/\/tempodisole.it\/index.php\/wp-json\/wp\/v2\/media\/4334"}],"wp:attachment":[{"href":"https:\/\/tempodisole.it\/index.php\/wp-json\/wp\/v2\/media?parent=3849"}],"curies":[{"name":"wp","href":"https:\/\/api.w.org\/{rel}","templated":true}]}}