{"id":4254,"date":"2018-02-27T12:01:06","date_gmt":"2018-02-27T11:01:06","guid":{"rendered":"http:\/\/tempodisole.it\/?page_id=4254"},"modified":"2018-02-27T15:01:12","modified_gmt":"2018-02-27T14:01:12","slug":"ascoli-piceno","status":"publish","type":"page","link":"https:\/\/tempodisole.it\/index.php\/ascoli-piceno\/","title":{"rendered":"Ascoli Piceno"},"content":{"rendered":"<p><strong>Piazza del Popolo<br \/>\n<\/strong>La piazza raggiunse l\u2019attuale aspetto regolare ai\u00a0primi del \u2018500 con l\u2019arioso colonnato del portico che nascose le disordinate botteghe artigiane raccordando, in un assetto equilibrato tipico del<br \/>\nRinascimento, i grandi edifici medioevali\u00a0esistenti: il palazzo dei Capitani del Popolo e la chiesa di S. Francesco.<br \/>\n<em>Da vedere: il palazzo dei Capitani con il\u00a0percorso archeologico sotterraneo, la chiesa di S. Francesco, la loggia dei Mercanti, il Caff\u00e8 Meletti.<\/em><\/p>\n<p><strong>Piazza Arringo<\/strong><br \/>\nLa piazza \u00e8 chiamata cos\u00ec per le adunanze\u00a0popolari che vi si tenevano fin dalle origini del\u00a0Comune.<br \/>\nAncora oggi \u00e8 il centro civile e\u00a0religioso di Ascoli per la presenza della\u00a0Cattedrale di S. Emidio, dei palazzi\u00a0dell\u2019Episcopio sede della Diocesi e\u00a0del palazzo dell\u2019Arengo sede del\u00a0Comune.<br \/>\n<em>Da vedere: Cattedrale e Battistero di S. Giovanni, Pinacoteca civica e sale dei Mercatori nel\u00a0palazzo dell\u2019Arengo,\u00a0Museo e biblioteca\u00a0diocesana, Museo\u00a0Archeologico Statale a\u00a0palazzo Panichi.<\/em><\/p>\n<p>La citt\u00e0 di travertino<br \/>\nIl centro storico di Ascoli deve il suo aspetto\u00a0cos\u00ec armonico e compatto al travertino che, fin dalle origini, \u00e8 stato il materiale principale nella costruzione degli edifici: dalle semplici<br \/>\nabitazioni ai palazzi del potere e a quelli signorili, alle chiese, alle pavimentazioni delle piazze, questa pietra, per duemila annisenza interruzione nello scorrere della storia e degli stili, ha costituito il tessuto urbano della citt\u00e0, rendendola unica e particolare.<\/p>\n<p><strong>Le cento torri<\/strong><br \/>\nAscoli medioevale aveva ben duecento torri gentilizie, prima che Federico II nel 1242 ne facesse distruggere novanta.<br \/>\nOggi se ne possono rintracciare una cinquantina, anche se molte sono state ridimensionate ed inglobate\u00a0nelle abitazioni e due trasformate in campanili<br \/>\ndi chiese.<br \/>\n<em>Da vedere: itinerario di via delle torri (con le\u00a0torri gemelle), via dei Soderini (con la torre\u00a0Ercolani), rua delle Stelle (Rrete li mierghie), piazza Ventidio Basso<\/em><\/p>\n<p><strong>Crivelli e i crivelleschi<\/strong><br \/>\nCarlo Crivelli (Venezia 1430?\/Ascoli 1495)\u00a0giunse in Ascoli nel 1469.<br \/>\nNella sua bottega furono realizzate moltissime opere d\u2019arte che arricchirono le chiese del territorio ascolano.<br \/>\nTra i suoi allievi Pietro Alamanno, che fu attivo ad Ascoli tra il 1475 ed il 1498.<br \/>\n<em>Dove trovarli: Polittico di Crivelli in Cattedrale, Madonna dell\u2019Alamanno nella chiesa di S. Maria della Carit\u00e0, dipinti conservati nella Pinacoteca\u00a0Civica e nel Museo Diocesano.<\/em><\/p>\n<p><strong>Chiese romaniche<\/strong><br \/>\nL\u2019itinerario \u00e8 formato dal Battistero di S.Giovanni e da ben sedici chiese:\u00a0S. Salvatore di sotto, S. Vittore, S. Gregorio\u00a0Magno, S. Angelo Magno, S. Venanzio, S. Giuliano, S. Croce, S. Andrea apostolo, S. Mariadelle Donne, S. Tommaso apostolo, S. Giacomo apostolo, S.S. Vincenzo e Anastasio, S. MariaIntervineas, S. Pietro in Castello, S. Ilario, S.S.\u00a0Matteo e Antonio.<\/p>\n<p><strong>Il Francescanesimo<\/strong><br \/>\nAscoli \u00e8 stata terra eletta del Francescanesimo,\u00a0citt\u00e0 natale di Nicol\u00f2 IV, il primo papa dell\u2019Ordine (1288-1292), culla dell\u2019Osservanza con le figure di S. Giacomo della Marca e del beato Marco.<br \/>\n<em>Da vedere: tempio di S. Francesco, santuario\u00a0cappuccino di S. Serafino da Montegranaro.<\/em><\/p>\n<p><strong>Devozione Mariana<\/strong><br \/>\nInsieme con S. Emidio, la Madonna \u00e8 patrona di Ascoli ed \u00e8 venerata in molte chiese della citt\u00e0.<br \/>\n<em>Da vedere: chiesa delle Concezioniste, affreschi mariani nelle chiese romaniche, Madonna delleGrazie in Cattedrale, Madonna della Pace a S.Agostino.<\/em><\/p>\n\t\t<link href=\"https:\/\/tempodisole.it\/wp-content\/plugins\/slideshow-ck\/themes\/default\/css\/camera.css\" rel=\"stylesheet\" type=\"text\/css\" \/>\n\t\t<style type=\"text\/css\">\n\t\t\t#camera_wrap_4256 .camera_pag_ul li img, #camera_wrap_4256 .camera_thumbs_cont ul li img {\n\t\t\t\theight:100px;\n\t\t\t\twidth: auto;\n\t\t\t}\n\t\t\t#camera_wrap_4256 .camera_caption {\n\t\t\t\tdisplay: block;\n\t\t\t\tposition: absolute;\n\t\t\t}\n\t\t\t#camera_wrap_4256 .camera_caption a.camera_caption_link {\n\t\t\t\tdisplay: block;\n\t\t\t\tposition: absolute;\n\t\t\t\tleft: 0;\n\t\t\t\tright: 0;\n\t\t\t\ttop: 0;\n\t\t\t\tbottom: 0;\n\t\t\t}\n\t\t\t#camera_wrap_4256 .camera_caption > div {\n\t\t\t\tbackground: #000000;\t\t\t}\n\t\t\t#camera_wrap_4256 .camera_caption div.camera_caption_title {\n\t\t\t\tfont-size: 18px;line-height: 18px;font-weight: normal;\t\t\t}\n\t\t\t#camera_wrap_4256 .camera_caption div.camera_caption_desc {\n\t\t\t\tfont-size: 12px;line-height: 12px;font-weight: normal;\t\t\t}\n\t\t<\/style>\n\t\t\t\t<div class=\"slideshowck camera_wrap camera_amber_skin\" id=\"camera_wrap_4256\">\n\t\t\t\t\t\t\t<div  data-thumb=\"https:\/\/tempodisole.it\/wp-content\/uploads\/ascoli2.jpg\" data-src=\"https:\/\/tempodisole.it\/wp-content\/uploads\/ascoli2.jpg\" data-link=\"https:\/\/tempodisole.it\/wp-content\/uploads\/ascoli2.jpg\" data-target=\"_parent\">\n\t\t\t\t\t\t\t\t\t\t\t\t<div class=\"camera_caption moveFromLeft\">\n\t\t\t\t\t\t\t\t\t\t\t\t\t\t<div class=\"camera_caption_title\">\n\t\t\t\t\t\t\t\tCrivelli\t\t\t\t\t\t\t<\/div>\n\t\t\t\t\t\t\t\t\t\t\t\t\t\t\t\t\t\t\t\t\t<div class=\"camera_caption_desc\">\n\t\t\t\t\t\t\t\tParticolare del polittico di Carlo Crivelli (1473) in Cattedrale.\t\t\t\t\t\t\t<\/div>\n\t\t\t\t\t\t\t\t\t\t\t\t\t\t\t\t\t\t\t\t\t\t\t\t\t\t\t<\/div>\n\t\t\t\t\t\t\t\t\t\t<\/div>\n\t\t\t\t\t\t\t<div  data-thumb=\"https:\/\/tempodisole.it\/wp-content\/uploads\/ascoli1.jpg\" data-src=\"https:\/\/tempodisole.it\/wp-content\/uploads\/ascoli1.jpg\" data-link=\"https:\/\/tempodisole.it\/wp-content\/uploads\/ascoli1.jpg\" data-target=\"_parent\">\n\t\t\t\t\t\t\t\t\t\t\t\t<div class=\"camera_caption moveFromLeft\">\n\t\t\t\t\t\t\t\t\t\t\t\t\t\t<div class=\"camera_caption_title\">\n\t\t\t\t\t\t\t\tAscoli\t\t\t\t\t\t\t<\/div>\n\t\t\t\t\t\t\t\t\t\t\t\t\t\t\t\t\t\t\t\t\t<div class=\"camera_caption_desc\">\n\t\t\t\t\t\t\t\tLa citt\u00e0 di Travertino\t\t\t\t\t\t\t<\/div>\n\t\t\t\t\t\t\t\t\t\t\t\t\t\t\t\t\t\t\t\t\t\t\t\t\t\t\t<\/div>\n\t\t\t\t\t\t\t\t\t\t<\/div>\n\t\t\t\t\t\t\t<div  data-thumb=\"https:\/\/tempodisole.it\/wp-content\/uploads\/ascoli4.jpg\" data-src=\"https:\/\/tempodisole.it\/wp-content\/uploads\/ascoli4.jpg\" data-link=\"https:\/\/tempodisole.it\/wp-content\/uploads\/ascoli4.jpg\" data-target=\"_parent\">\n\t\t\t\t\t\t\t\t\t\t\t\t<div class=\"camera_caption moveFromLeft\">\n\t\t\t\t\t\t\t\t\t\t\t\t\t\t<div class=\"camera_caption_title\">\n\t\t\t\t\t\t\t\t I luoghi del Potere\t\t\t\t\t\t\t<\/div>\n\t\t\t\t\t\t\t\t\t\t\t\t\t\t\t\t\t\t\t\t\t<div class=\"camera_caption_desc\">\n\t\t\t\t\t\t\t\tPiazza del Popolo\t\t\t\t\t\t\t<\/div>\n\t\t\t\t\t\t\t\t\t\t\t\t\t\t\t\t\t\t\t\t\t\t\t\t\t\t\t<\/div>\n\t\t\t\t\t\t\t\t\t\t<\/div>\n\t\t\t\t\t\t\t<div  data-thumb=\"https:\/\/tempodisole.it\/wp-content\/uploads\/ascoli3.jpg\" data-src=\"https:\/\/tempodisole.it\/wp-content\/uploads\/ascoli3.jpg\" data-link=\"https:\/\/tempodisole.it\/wp-content\/uploads\/ascoli3.jpg\" data-target=\"_parent\">\n\t\t\t\t\t\t\t\t\t\t\t\t<div class=\"camera_caption moveFromLeft\">\n\t\t\t\t\t\t\t\t\t\t\t\t\t\t<div class=\"camera_caption_title\">\n\t\t\t\t\t\t\t\tAscoli\t\t\t\t\t\t\t<\/div>\n\t\t\t\t\t\t\t\t\t\t\t\t\t\t\t\t\t\t\t\t\t<div class=\"camera_caption_desc\">\n\t\t\t\t\t\t\t\tVista della Citt\u00e0 da Borgo Solest\u00e0\t\t\t\t\t\t\t<\/div>\n\t\t\t\t\t\t\t\t\t\t\t\t\t\t\t\t\t\t\t\t\t\t\t\t\t\t\t<\/div>\n\t\t\t\t\t\t\t\t\t\t<\/div>\n\t\t\t\t\t<\/div>\n\t\t<div style=\"clear:both;\"><\/div>\n\t\t\n<p>Fonte Foto e Testi: Depliant Ascoli Piceno &#8211; Centro Informazioni Turistiche e Culturali<br \/>\nFoto di copertina: Fabiana by Flickr<\/p>\n","protected":false},"excerpt":{"rendered":"<p>Piazza del Popolo La piazza raggiunse l\u2019attuale aspetto regolare ai\u00a0primi del \u2018500 con l\u2019arioso colonnato del portico che nascose le disordinate botteghe artigiane raccordando, in un assetto equilibrato tipico del Rinascimento, i grandi edifici medioevali\u00a0esistenti: il palazzo dei Capitani del Popolo e la chiesa di S. Francesco. Da vedere: il palazzo dei Capitani con il\u00a0percorso<br \/><a class=\"moretag\" href=\"https:\/\/tempodisole.it\/index.php\/ascoli-piceno\/\">+ Read More<\/a><\/p>\n","protected":false},"author":1,"featured_media":4264,"parent":0,"menu_order":0,"comment_status":"closed","ping_status":"closed","template":"","meta":{"footnotes":""},"class_list":["post-4254","page","type-page","status-publish","has-post-thumbnail","hentry"],"_links":{"self":[{"href":"https:\/\/tempodisole.it\/index.php\/wp-json\/wp\/v2\/pages\/4254","targetHints":{"allow":["GET"]}}],"collection":[{"href":"https:\/\/tempodisole.it\/index.php\/wp-json\/wp\/v2\/pages"}],"about":[{"href":"https:\/\/tempodisole.it\/index.php\/wp-json\/wp\/v2\/types\/page"}],"author":[{"embeddable":true,"href":"https:\/\/tempodisole.it\/index.php\/wp-json\/wp\/v2\/users\/1"}],"replies":[{"embeddable":true,"href":"https:\/\/tempodisole.it\/index.php\/wp-json\/wp\/v2\/comments?post=4254"}],"version-history":[{"count":5,"href":"https:\/\/tempodisole.it\/index.php\/wp-json\/wp\/v2\/pages\/4254\/revisions"}],"predecessor-version":[{"id":4265,"href":"https:\/\/tempodisole.it\/index.php\/wp-json\/wp\/v2\/pages\/4254\/revisions\/4265"}],"wp:featuredmedia":[{"embeddable":true,"href":"https:\/\/tempodisole.it\/index.php\/wp-json\/wp\/v2\/media\/4264"}],"wp:attachment":[{"href":"https:\/\/tempodisole.it\/index.php\/wp-json\/wp\/v2\/media?parent=4254"}],"curies":[{"name":"wp","href":"https:\/\/api.w.org\/{rel}","templated":true}]}}