{"id":4270,"date":"2018-02-27T17:28:40","date_gmt":"2018-02-27T16:28:40","guid":{"rendered":"http:\/\/tempodisole.it\/?page_id=4270"},"modified":"2018-02-27T17:34:54","modified_gmt":"2018-02-27T16:34:54","slug":"grottammare","status":"publish","type":"page","link":"https:\/\/tempodisole.it\/index.php\/grottammare\/","title":{"rendered":"Grottammare"},"content":{"rendered":"<p>\u00c8 interessante notare che Grottammare appare per la prima volta nei primi anni del secolo X con il nome Grocte o Grupte, e pi\u00f9 tardi, Cripte o Grupte a mare; nei secoli precedenti invece il luogo era indicato con il nome di Castello Supportica o Subportica.<br \/>\nLa questione relativa alla presenza di due nomi diversi per indicare uno stesso luogo \u00e8 stata risolta dagli storici locali scoprendo che le due denominazioni non indicano la stessa localit\u00e0 bens\u00ec si riferiscono a due castelli limitrofi che sono coesistiti sul colle.<br \/>\n<em><br \/>\n<\/em>La particolare posizione del luogo, la notevole fertilit\u00e0 del suolo, la spiccata operosit\u00e0 degli abitanti fecero s\u00ec che Fermo considerasse Grottammare come il pi\u00f9 importante degli otto castelli di prima classe sui quali aveva giurisdizione.<br \/>\nPer questo fece restaurare la cinta muraria del castello di Grupte, ormai cadente per le guerre e gli assedi sostenuti, e nel 1299 dette inizio all&#8217;ampliamento del piccolo porto antichissimo che si era venuto insabbiando e che ora \u00e8 scomparso.<\/p>\n<p>Fu proprio in seguito ad una pericolosa incursione e temporanea occupazione del paese ad opera dei pirati nel 1525, che Grottammare fu completamente circondata di mura, fortificata nelle porte, rafforzata con un torrione detto \u00abdella battaglia\u00bb, posto a fianco di Porta Marina e in esatta corrispondenza con il sottostante porto, in modo da poter rispondere adeguatamente con i nuovi cannoni ad altre eventuali incursioni nemiche.<\/p>\n<p>Grottammare continu\u00f2 a godere di molto prestigio in tutta la zona grazie al suo attivissimo porto che, oltre ad avere funzione difensiva, nel 1643 fu scelto come sede per un ufficio governativo che controllava gli imbarchi e gli sbarchi nelle spiagge di San Benedetto, Cupra e Pedaso.<\/p>\n<p>Dalla fine del XVIII secolo gli interessi del paese si erano orientati verso l\u2019area costiera sottostante: \u00e8 del 1779 il piano di ampliamento del nuovo incasato, approvato da Pio VI, progettato dall\u2019architetto Pietro Augustoni.<br \/>\nLa Grottammare attuale si \u00e8 estesa sul metro datole dall\u2019Augustoni ed il continuo arretramento del mare ha permesso la formazione di rigogliose pinete che si affiancano alla ferrovia.<br \/>\nSuccessivamente, agli inizi del Novecento, sono stati costruiti a ridosso del litorale, da ricche famiglie di villeggianti che avevano scelto questo luogo come loro stabile dimora estiva, numerosi e graziosi villini liberty, tra i quali citiamo Villa Trento, dove un tempo sorgeva la raffineria degli zuccheri.<br \/>\nIn seguito Grottammare fu abbellita con lo splendido viale di palme e di oleandri che offre al turista, nella bella stagione, quel contrasto di colori che dall&#8217;azzurro intenso delle acque all&#8217;orizzonte sfuma in tonalit\u00e0 pi\u00f9 chiare sulla battigia, si mescola con il colore avorio di un manto sabbioso estremamente sottile e si fonde con il verde cupo della pineta, interrotto qua e l\u00e0 dai ciuffi rosa e bianchi degli oleandri in fiore.<\/p>\n<p><em><br \/>\nNote:<br \/>\nIl 13 Dicembre 1521, nel luogo dove oggi sorge la Chiesa di Santa Lucia, nacque Felice Peretti, passato alla storia come Papa Sisto V.<br \/>\nNel 1848- 49 Garibaldi fu ospitato a Grottammare<br \/>\nNel 1860 Grottammare accolse Vittorio Emanuele II che ricevette la commissione partenopea venuta a porgergli l\u2019offerta formale del Regno delle Due Sicilie.<br \/>\n<\/em><\/p>\n\t\t<link href=\"https:\/\/tempodisole.it\/wp-content\/plugins\/slideshow-ck\/themes\/default\/css\/camera.css\" rel=\"stylesheet\" type=\"text\/css\" \/>\n\t\t<style type=\"text\/css\">\n\t\t\t#camera_wrap_4278 .camera_pag_ul li img, #camera_wrap_4278 .camera_thumbs_cont ul li img {\n\t\t\t\theight:100px;\n\t\t\t\twidth: auto;\n\t\t\t}\n\t\t\t#camera_wrap_4278 .camera_caption {\n\t\t\t\tdisplay: block;\n\t\t\t\tposition: absolute;\n\t\t\t}\n\t\t\t#camera_wrap_4278 .camera_caption a.camera_caption_link {\n\t\t\t\tdisplay: block;\n\t\t\t\tposition: absolute;\n\t\t\t\tleft: 0;\n\t\t\t\tright: 0;\n\t\t\t\ttop: 0;\n\t\t\t\tbottom: 0;\n\t\t\t}\n\t\t\t#camera_wrap_4278 .camera_caption > div {\n\t\t\t\tbackground: #000000;\t\t\t}\n\t\t\t#camera_wrap_4278 .camera_caption div.camera_caption_title {\n\t\t\t\tfont-size: 18px;line-height: 18px;font-weight: normal;\t\t\t}\n\t\t\t#camera_wrap_4278 .camera_caption div.camera_caption_desc {\n\t\t\t\tfont-size: 12px;line-height: 12px;font-weight: normal;\t\t\t}\n\t\t<\/style>\n\t\t\t\t<div class=\"slideshowck camera_wrap camera_amber_skin\" id=\"camera_wrap_4278\">\n\t\t\t\t\t\t\t<div  data-thumb=\"https:\/\/tempodisole.it\/wp-content\/uploads\/grottammare1.jpg\" data-src=\"https:\/\/tempodisole.it\/wp-content\/uploads\/grottammare1.jpg\" data-link=\"https:\/\/tempodisole.it\/wp-content\/uploads\/grottammare1.jpg\" data-target=\"_parent\">\n\t\t\t\t\t\t\t\t\t\t\t\t<div class=\"camera_caption moveFromLeft\">\n\t\t\t\t\t\t\t\t\t\t\t\t\t\t<div class=\"camera_caption_title\">\n\t\t\t\t\t\t\t\tGrottammare\t\t\t\t\t\t\t<\/div>\n\t\t\t\t\t\t\t\t\t\t\t\t\t\t\t\t\t\t\t\t\t<div class=\"camera_caption_desc\">\n\t\t\t\t\t\t\t\tVecchio Incasato\t\t\t\t\t\t\t<\/div>\n\t\t\t\t\t\t\t\t\t\t\t\t\t\t\t\t\t\t\t\t\t\t\t\t\t\t\t<\/div>\n\t\t\t\t\t\t\t\t\t\t<\/div>\n\t\t\t\t\t\t\t<div  data-thumb=\"https:\/\/tempodisole.it\/wp-content\/uploads\/grottammare2.jpg\" data-src=\"https:\/\/tempodisole.it\/wp-content\/uploads\/grottammare2.jpg\" data-link=\"https:\/\/tempodisole.it\/wp-content\/uploads\/grottammare2.jpg\" data-target=\"_parent\">\n\t\t\t\t\t\t\t\t\t\t\t\t<div class=\"camera_caption moveFromLeft\">\n\t\t\t\t\t\t\t\t\t\t\t\t\t\t<div class=\"camera_caption_title\">\n\t\t\t\t\t\t\t\tGrottammare\t\t\t\t\t\t\t<\/div>\n\t\t\t\t\t\t\t\t\t\t\t\t\t\t\t\t\t\t\t\t\t<div class=\"camera_caption_desc\">\n\t\t\t\t\t\t\t\tAlba sul mare\t\t\t\t\t\t\t<\/div>\n\t\t\t\t\t\t\t\t\t\t\t\t\t\t\t\t\t\t\t\t\t\t\t\t\t\t\t<\/div>\n\t\t\t\t\t\t\t\t\t\t<\/div>\n\t\t\t\t\t\t\t<div  data-thumb=\"https:\/\/tempodisole.it\/wp-content\/uploads\/grottammare3.jpg\" data-src=\"https:\/\/tempodisole.it\/wp-content\/uploads\/grottammare3.jpg\" data-link=\"https:\/\/tempodisole.it\/wp-content\/uploads\/grottammare3.jpg\" data-target=\"_parent\">\n\t\t\t\t\t\t\t\t\t\t\t\t<div class=\"camera_caption moveFromLeft\">\n\t\t\t\t\t\t\t\t\t\t\t\t\t\t<div class=\"camera_caption_title\">\n\t\t\t\t\t\t\t\tGrottammare\t\t\t\t\t\t\t<\/div>\n\t\t\t\t\t\t\t\t\t\t\t\t\t\t\t\t\t\t\t\t\t<div class=\"camera_caption_desc\">\n\t\t\t\t\t\t\t\tLogge di Piazza Peretti \t\t\t\t\t\t\t<\/div>\n\t\t\t\t\t\t\t\t\t\t\t\t\t\t\t\t\t\t\t\t\t\t\t\t\t\t\t<\/div>\n\t\t\t\t\t\t\t\t\t\t<\/div>\n\t\t\t\t\t\t\t<div  data-thumb=\"https:\/\/tempodisole.it\/wp-content\/uploads\/grottammare4.jpg\" data-src=\"https:\/\/tempodisole.it\/wp-content\/uploads\/grottammare4.jpg\" data-link=\"https:\/\/tempodisole.it\/wp-content\/uploads\/grottammare4.jpg\" data-target=\"_parent\">\n\t\t\t\t\t\t\t\t\t\t\t\t<div class=\"camera_caption moveFromLeft\">\n\t\t\t\t\t\t\t\t\t\t\t\t\t\t<div class=\"camera_caption_title\">\n\t\t\t\t\t\t\t\tGrottammare\t\t\t\t\t\t\t<\/div>\n\t\t\t\t\t\t\t\t\t\t\t\t\t\t\t\t\t\t\t\t\t<div class=\"camera_caption_desc\">\n\t\t\t\t\t\t\t\tVista del vecchio incasato\t\t\t\t\t\t\t<\/div>\n\t\t\t\t\t\t\t\t\t\t\t\t\t\t\t\t\t\t\t\t\t\t\t\t\t\t\t<\/div>\n\t\t\t\t\t\t\t\t\t\t<\/div>\n\t\t\t\t\t<\/div>\n\t\t<div style=\"clear:both;\"><\/div>\n\t\t\n<p>Fonte Testi: Sito Comune di Grottammare<br \/>\nFoto di copertina: AnnaMaria Falcioni by Flickr<br \/>\nFoto:\u00a0AnnaMaria Falcioni by Flickr e Silvia Perozzi by Flickr<\/p>\n","protected":false},"excerpt":{"rendered":"<p>\u00c8 interessante notare che Grottammare appare per la prima volta nei primi anni del secolo X con il nome Grocte o Grupte, e pi\u00f9 tardi, Cripte o Grupte a mare; nei secoli precedenti invece il luogo era indicato con il nome di Castello Supportica o Subportica. La questione relativa alla presenza di due nomi diversi<br \/><a class=\"moretag\" href=\"https:\/\/tempodisole.it\/index.php\/grottammare\/\">+ Read More<\/a><\/p>\n","protected":false},"author":1,"featured_media":4271,"parent":0,"menu_order":0,"comment_status":"closed","ping_status":"closed","template":"","meta":{"footnotes":""},"class_list":["post-4270","page","type-page","status-publish","has-post-thumbnail","hentry"],"_links":{"self":[{"href":"https:\/\/tempodisole.it\/index.php\/wp-json\/wp\/v2\/pages\/4270","targetHints":{"allow":["GET"]}}],"collection":[{"href":"https:\/\/tempodisole.it\/index.php\/wp-json\/wp\/v2\/pages"}],"about":[{"href":"https:\/\/tempodisole.it\/index.php\/wp-json\/wp\/v2\/types\/page"}],"author":[{"embeddable":true,"href":"https:\/\/tempodisole.it\/index.php\/wp-json\/wp\/v2\/users\/1"}],"replies":[{"embeddable":true,"href":"https:\/\/tempodisole.it\/index.php\/wp-json\/wp\/v2\/comments?post=4270"}],"version-history":[{"count":4,"href":"https:\/\/tempodisole.it\/index.php\/wp-json\/wp\/v2\/pages\/4270\/revisions"}],"predecessor-version":[{"id":4279,"href":"https:\/\/tempodisole.it\/index.php\/wp-json\/wp\/v2\/pages\/4270\/revisions\/4279"}],"wp:featuredmedia":[{"embeddable":true,"href":"https:\/\/tempodisole.it\/index.php\/wp-json\/wp\/v2\/media\/4271"}],"wp:attachment":[{"href":"https:\/\/tempodisole.it\/index.php\/wp-json\/wp\/v2\/media?parent=4270"}],"curies":[{"name":"wp","href":"https:\/\/api.w.org\/{rel}","templated":true}]}}